{"id":2,"date":"2023-04-14T13:21:56","date_gmt":"2023-04-14T13:21:56","guid":{"rendered":"http:\/\/bebetobet.bet\/?page_id=2"},"modified":"2023-04-15T00:24:34","modified_gmt":"2023-04-15T00:24:34","slug":"home","status":"publish","type":"page","link":"https:\/\/bebetobet.bet\/index.php\/home\/","title":{"rendered":"BebetoBet"},"content":{"rendered":"\t\t<div data-elementor-type=\"wp-page\" data-elementor-id=\"2\" class=\"elementor elementor-2\">\n\t\t\t\t\t\t\t<section class=\"elementor-element elementor-element-7dd69c2 e-con-boxed e-con\" data-id=\"7dd69c2\" data-element_type=\"container\" data-settings=\"{&quot;background_background&quot;:&quot;classic&quot;,&quot;content_width&quot;:&quot;boxed&quot;}\">\n\t\t\t\t\t<div class=\"e-con-inner\">\n\t\t<div class=\"elementor-element elementor-element-1400c40 e-con-boxed e-con\" data-id=\"1400c40\" data-element_type=\"container\" data-settings=\"{&quot;content_width&quot;:&quot;boxed&quot;}\">\n\t\t\t\t\t<div class=\"e-con-inner\">\n\t\t<div class=\"elementor-element elementor-element-d1f8903 e-con-boxed e-con\" data-id=\"d1f8903\" data-element_type=\"container\" data-settings=\"{&quot;content_width&quot;:&quot;boxed&quot;}\">\n\t\t\t\t\t<div class=\"e-con-inner\">\n\t\t\t\t<div class=\"elementor-element elementor-element-897af98 elementor-widget elementor-widget-image\" data-id=\"897af98\" data-element_type=\"widget\" data-widget_type=\"image.default\">\n\t\t\t\t<div class=\"elementor-widget-container\">\n\t\t\t<style>\/*! elementor - v3.12.2 - 23-04-2023 *\/\n.elementor-widget-image{text-align:center}.elementor-widget-image a{display:inline-block}.elementor-widget-image a img[src$=\".svg\"]{width:48px}.elementor-widget-image img{vertical-align:middle;display:inline-block}<\/style>\t\t\t\t\t\t\t\t\t\t\t\t<img decoding=\"async\" width=\"800\" height=\"276\" src=\"https:\/\/bebetobet.bet\/wp-content\/uploads\/2023\/04\/Group-4-min.png\" class=\"attachment-large size-large wp-image-18\" alt=\"\" loading=\"lazy\" srcset=\"https:\/\/bebetobet.bet\/wp-content\/uploads\/2023\/04\/Group-4-min.png 951w, https:\/\/bebetobet.bet\/wp-content\/uploads\/2023\/04\/Group-4-min-300x103.png 300w, https:\/\/bebetobet.bet\/wp-content\/uploads\/2023\/04\/Group-4-min-768x265.png 768w\" sizes=\"(max-width: 800px) 100vw, 800px\" \/>\t\t\t\t\t\t\t\t\t\t\t\t\t\t\t<\/div>\n\t\t\t\t<\/div>\n\t\t\t\t<div class=\"elementor-element elementor-element-f7aa579 elementor-widget elementor-widget-image\" data-id=\"f7aa579\" data-element_type=\"widget\" data-widget_type=\"image.default\">\n\t\t\t\t<div class=\"elementor-widget-container\">\n\t\t\t\t\t\t\t\t\t\t\t\t\t\t\t<img decoding=\"async\" width=\"800\" height=\"123\" src=\"https:\/\/bebetobet.bet\/wp-content\/uploads\/2023\/04\/Atencao-emissorasEm-breve-a-Bet-campea-entra-em-campo.-min-e1681515745101.png\" class=\"attachment-large size-large wp-image-16\" alt=\"\" loading=\"lazy\" srcset=\"https:\/\/bebetobet.bet\/wp-content\/uploads\/2023\/04\/Atencao-emissorasEm-breve-a-Bet-campea-entra-em-campo.-min-e1681515745101.png 908w, https:\/\/bebetobet.bet\/wp-content\/uploads\/2023\/04\/Atencao-emissorasEm-breve-a-Bet-campea-entra-em-campo.-min-e1681515745101-300x46.png 300w, https:\/\/bebetobet.bet\/wp-content\/uploads\/2023\/04\/Atencao-emissorasEm-breve-a-Bet-campea-entra-em-campo.-min-e1681515745101-768x118.png 768w\" sizes=\"(max-width: 800px) 100vw, 800px\" \/>\t\t\t\t\t\t\t\t\t\t\t\t\t\t\t<\/div>\n\t\t\t\t<\/div>\n\t\t\t\t<div class=\"elementor-element elementor-element-8e8146e elementor-widget elementor-widget-image\" data-id=\"8e8146e\" data-element_type=\"widget\" data-widget_type=\"image.default\">\n\t\t\t\t<div class=\"elementor-widget-container\">\n\t\t\t\t\t\t\t\t\t\t\t\t\t\t\t<img decoding=\"async\" width=\"555\" height=\"158\" src=\"https:\/\/bebetobet.bet\/wp-content\/uploads\/2023\/04\/Argumentos-min.png\" class=\"attachment-large size-large wp-image-15\" alt=\"\" loading=\"lazy\" srcset=\"https:\/\/bebetobet.bet\/wp-content\/uploads\/2023\/04\/Argumentos-min.png 555w, https:\/\/bebetobet.bet\/wp-content\/uploads\/2023\/04\/Argumentos-min-300x85.png 300w\" sizes=\"(max-width: 555px) 100vw, 555px\" \/>\t\t\t\t\t\t\t\t\t\t\t\t\t\t\t<\/div>\n\t\t\t\t<\/div>\n\t\t\t\t\t<\/div>\n\t\t\t\t<\/div>\n\t\t<div class=\"elementor-element elementor-element-42af650 e-con-boxed e-con\" data-id=\"42af650\" data-element_type=\"container\" data-settings=\"{&quot;content_width&quot;:&quot;boxed&quot;}\">\n\t\t\t\t\t<div class=\"e-con-inner\">\n\t\t\t\t<div class=\"elementor-element elementor-element-7eb0754 elementor-widget elementor-widget-heading\" data-id=\"7eb0754\" data-element_type=\"widget\" data-widget_type=\"heading.default\">\n\t\t\t\t<div class=\"elementor-widget-container\">\n\t\t\t<style>\/*! elementor - v3.12.2 - 23-04-2023 *\/\n.elementor-heading-title{padding:0;margin:0;line-height:1}.elementor-widget-heading .elementor-heading-title[class*=elementor-size-]>a{color:inherit;font-size:inherit;line-height:inherit}.elementor-widget-heading .elementor-heading-title.elementor-size-small{font-size:15px}.elementor-widget-heading .elementor-heading-title.elementor-size-medium{font-size:19px}.elementor-widget-heading .elementor-heading-title.elementor-size-large{font-size:29px}.elementor-widget-heading .elementor-heading-title.elementor-size-xl{font-size:39px}.elementor-widget-heading .elementor-heading-title.elementor-size-xxl{font-size:59px}<\/style><h2 class=\"elementor-heading-title elementor-size-default\">A Bebeto \u00e9 a Bet campe\u00e3 do Brasil (e do mundo!). Aqui, cada aposta \u00e9 um gola\u00e7o. S\u00f3 cota\u00e7\u00e3o vencedora pra voc\u00ea jogar no ataque. \u00c9 saque r\u00e1pido pra voc\u00ea\u00a0se\u00a0emocionar.<\/h2>\t\t<\/div>\n\t\t\t\t<\/div>\n\t\t\t\t\t<\/div>\n\t\t\t\t<\/div>\n\t\t\t\t\t<\/div>\n\t\t\t\t<\/div>\n\t\t<div class=\"elementor-element elementor-element-b8fd790 e-con-boxed e-con\" data-id=\"b8fd790\" data-element_type=\"container\" data-settings=\"{&quot;content_width&quot;:&quot;boxed&quot;}\">\n\t\t\t\t\t<div class=\"e-con-inner\">\n\t\t\t\t<div class=\"elementor-element elementor-element-d522753 elementor-widget elementor-widget-image\" data-id=\"d522753\" data-element_type=\"widget\" data-widget_type=\"image.default\">\n\t\t\t\t<div class=\"elementor-widget-container\">\n\t\t\t\t\t\t\t\t\t\t\t\t\t\t\t<img decoding=\"async\" width=\"800\" height=\"925\" src=\"https:\/\/bebetobet.bet\/wp-content\/uploads\/2023\/04\/bebebo-min.png\" class=\"attachment-large size-large wp-image-17\" alt=\"\" loading=\"lazy\" srcset=\"https:\/\/bebetobet.bet\/wp-content\/uploads\/2023\/04\/bebebo-min.png 872w, https:\/\/bebetobet.bet\/wp-content\/uploads\/2023\/04\/bebebo-min-260x300.png 260w, https:\/\/bebetobet.bet\/wp-content\/uploads\/2023\/04\/bebebo-min-768x888.png 768w\" sizes=\"(max-width: 800px) 100vw, 800px\" \/>\t\t\t\t\t\t\t\t\t\t\t\t\t\t\t<\/div>\n\t\t\t\t<\/div>\n\t\t\t\t\t<\/div>\n\t\t\t\t<\/div>\n\t\t\t\t\t<\/div>\n\t\t\t\t<\/section>\n\t\t\t\t\t\t\t<\/div>\n\t\t","protected":false},"excerpt":{"rendered":"<p>A Bebeto \u00e9 a Bet campe\u00e3 do Brasil (e do mundo!). Aqui, cada aposta \u00e9 um gola\u00e7o. S\u00f3 cota\u00e7\u00e3o vencedora pra voc\u00ea jogar no ataque. \u00c9 saque r\u00e1pido pra voc\u00ea\u00a0se\u00a0emocionar.<\/p>\n","protected":false},"author":1,"featured_media":0,"parent":0,"menu_order":0,"comment_status":"closed","ping_status":"closed","template":"","meta":[],"_links":{"self":[{"href":"https:\/\/bebetobet.bet\/index.php\/wp-json\/wp\/v2\/pages\/2"}],"collection":[{"href":"https:\/\/bebetobet.bet\/index.php\/wp-json\/wp\/v2\/pages"}],"about":[{"href":"https:\/\/bebetobet.bet\/index.php\/wp-json\/wp\/v2\/types\/page"}],"author":[{"embeddable":true,"href":"https:\/\/bebetobet.bet\/index.php\/wp-json\/wp\/v2\/users\/1"}],"replies":[{"embeddable":true,"href":"https:\/\/bebetobet.bet\/index.php\/wp-json\/wp\/v2\/comments?post=2"}],"version-history":[{"count":55,"href":"https:\/\/bebetobet.bet\/index.php\/wp-json\/wp\/v2\/pages\/2\/revisions"}],"predecessor-version":[{"id":73,"href":"https:\/\/bebetobet.bet\/index.php\/wp-json\/wp\/v2\/pages\/2\/revisions\/73"}],"wp:attachment":[{"href":"https:\/\/bebetobet.bet\/index.php\/wp-json\/wp\/v2\/media?parent=2"}],"curies":[{"name":"wp","href":"https:\/\/api.w.org\/{rel}","templated":true}]}}